{"id":4057,"date":"2024-06-10T08:24:41","date_gmt":"2024-06-10T08:24:41","guid":{"rendered":"https:\/\/alipack-eg.com\/about-us\/"},"modified":"2025-07-28T14:36:57","modified_gmt":"2025-07-28T14:36:57","slug":"about-us","status":"publish","type":"page","link":"https:\/\/alipack-eg.com\/fr\/about-us\/","title":{"rendered":"A propos de nous"},"content":{"rendered":"\t\t<div data-elementor-type=\"wp-page\" data-elementor-id=\"4057\" class=\"elementor elementor-4057 elementor-6\">\n\t\t\t\t\t\t<section class=\"elementor-section elementor-top-section elementor-element elementor-element-f75d1fa elementor-section-content-middle elementor-section-stretched elementor-section-boxed elementor-section-height-default elementor-section-height-default\" data-id=\"f75d1fa\" data-element_type=\"section\" data-e-type=\"section\" data-settings=\"{&quot;stretch_section&quot;:&quot;section-stretched&quot;}\">\n\t\t\t\t\t\t<div class=\"elementor-container elementor-column-gap-default\">\n\t\t\t\t\t<div class=\"elementor-column elementor-col-50 elementor-top-column elementor-element elementor-element-fd4ef68\" data-id=\"fd4ef68\" data-element_type=\"column\" data-e-type=\"column\">\n\t\t\t<div class=\"elementor-widget-wrap elementor-element-populated\">\n\t\t\t\t\t\t<div class=\"elementor-element elementor-element-7c34c09 elementor-widget elementor-widget-cz_title\" data-id=\"7c34c09\" data-element_type=\"widget\" data-e-type=\"widget\" data-widget_type=\"cz_title.default\">\n\t\t\t\t<div class=\"elementor-widget-container\">\n\t\t\t\t\t\t\r\n\t\t<div>\r\n\t\t\t<div class=\"cz_title clr cz_mobile_text_center cz_title_pos_inline\"><div class=\"cz_title_content\"><div class=\"cz_wpe_content\"><h3><span style=\"color: #3c783a;\">A propos de nous<\/span><\/h3><h3><span style=\"color: #fc9c0f;\">Qui sommes-nous ?<\/span><\/h3><\/div><\/div><\/div>\r\n\t\t<\/div>\r\n\t\t\r\n\t\t\t\t\t\t<\/div>\n\t\t\t\t<\/div>\n\t\t\t\t<div class=\"elementor-element elementor-element-794a293 elementor-widget elementor-widget-cz_title\" data-id=\"794a293\" data-element_type=\"widget\" data-e-type=\"widget\" data-widget_type=\"cz_title.default\">\n\t\t\t\t<div class=\"elementor-widget-container\">\n\t\t\t\t\t\t\r\n\t\t<div>\r\n\t\t\t<div class=\"cz_title clr cz_mobile_text_center cz_title_pos_inline\"><div class=\"cz_title_content\"><div class=\"cz_wpe_content\"><p><span style=\"color: #000000;\">Ali Pack est une soci\u00e9t\u00e9 d'exportation de produits frais bas\u00e9e en \u00c9gypte, qui se consacre \u00e0 la livraison de fruits et l\u00e9gumes de haute qualit\u00e9 sur les march\u00e9s internationaux. Derri\u00e8re chaque exp\u00e9dition se trouve une \u00e9quipe de professionnels qui comprennent les normes mondiales, la logistique et l'importance de construire des partenariats \u00e0 long terme. <br><\/span><\/p><\/div><\/div><\/div>\r\n\t\t<\/div>\r\n\t\t\r\n\t\t\t\t\t\t<\/div>\n\t\t\t\t<\/div>\n\t\t\t\t<div class=\"elementor-element elementor-element-64dc6f7 elementor-widget elementor-widget-cz_title\" data-id=\"64dc6f7\" data-element_type=\"widget\" data-e-type=\"widget\" data-widget_type=\"cz_title.default\">\n\t\t\t\t<div class=\"elementor-widget-container\">\n\t\t\t\t\t\t\r\n\t\t<div>\r\n\t\t\t<div class=\"cz_title clr cz_mobile_text_center cz_title_pos_inline\"><div class=\"cz_title_content\"><div class=\"cz_wpe_content\"><h3><span style=\"color: #3c783a;\">Pourquoi Ali Pack ?<\/span><\/h3>\n<\/div><\/div><\/div>\r\n\t\t<\/div>\r\n\t\t\r\n\t\t\t\t\t\t<\/div>\n\t\t\t\t<\/div>\n\t\t\t\t<div class=\"elementor-element elementor-element-46d17b6 elementor-widget elementor-widget-cz_gap\" data-id=\"46d17b6\" data-element_type=\"widget\" data-e-type=\"widget\" data-widget_type=\"cz_gap.default\">\n\t\t\t\t<div class=\"elementor-widget-container\">\n\t\t\t\t\t<div class=\"cz_gap clr\"><\/div>\t\t\t\t<\/div>\n\t\t\t\t<\/div>\n\t\t\t\t<section class=\"elementor-section elementor-inner-section elementor-element elementor-element-e17f1c0 elementor-section-boxed elementor-section-height-default elementor-section-height-default\" data-id=\"e17f1c0\" data-element_type=\"section\" data-e-type=\"section\">\n\t\t\t\t\t\t<div class=\"elementor-container elementor-column-gap-default\">\n\t\t\t\t\t<div class=\"elementor-column elementor-col-50 elementor-inner-column elementor-element elementor-element-9d806bd\" data-id=\"9d806bd\" data-element_type=\"column\" data-e-type=\"column\">\n\t\t\t<div class=\"elementor-widget-wrap elementor-element-populated\">\n\t\t\t\t\t\t<div class=\"elementor-element elementor-element-50e62b8 elementor-widget elementor-widget-cz_stylish_list\" data-id=\"50e62b8\" data-element_type=\"widget\" data-e-type=\"widget\" data-widget_type=\"cz_stylish_list.default\">\n\t\t\t\t<div class=\"elementor-widget-container\">\n\t\t\t\t\t<ul class=\"cz_stylish_list clr cz_sl_icon_hover_zoom_out\"><li class=\"elementor-repeater-item-539a83d clr\"><div class=\"cz_sl_icon\"><i class=\"mr10 fas fa-check\"><\/i><\/div><div><span>Un \u00e9tat d'esprit ax\u00e9 sur l'exportation<\/span><\/div><\/li><li class=\"elementor-repeater-item-3672af8 clr\"><div class=\"cz_sl_icon\"><i class=\"mr10 fas fa-check\"><\/i><\/div><div><span>La philosophie de la qualit\u00e9 d'abord<\/span><\/div><\/li><\/ul>\t\t\t\t<\/div>\n\t\t\t\t<\/div>\n\t\t\t\t\t<\/div>\n\t\t<\/div>\n\t\t\t\t<div class=\"elementor-column elementor-col-50 elementor-inner-column elementor-element elementor-element-c168e53\" data-id=\"c168e53\" data-element_type=\"column\" data-e-type=\"column\">\n\t\t\t<div class=\"elementor-widget-wrap elementor-element-populated\">\n\t\t\t\t\t\t<div class=\"elementor-element elementor-element-b1fa2ae elementor-widget elementor-widget-cz_stylish_list\" data-id=\"b1fa2ae\" data-element_type=\"widget\" data-e-type=\"widget\" data-widget_type=\"cz_stylish_list.default\">\n\t\t\t\t<div class=\"elementor-widget-container\">\n\t\t\t\t\t<ul class=\"cz_stylish_list clr cz_sl_icon_hover_zoom_out\"><li class=\"elementor-repeater-item-e9fd5f9 clr\"><div class=\"cz_sl_icon\"><i class=\"mr10 fas fa-check\"><\/i><\/div><div><span>Une logistique rapide et flexible<\/span><\/div><\/li><li class=\"elementor-repeater-item-e513327 clr\"><div class=\"cz_sl_icon\"><i class=\"mr10 fas fa-check\"><\/i><\/div><div><span>Relations de confiance avec les clients<\/span><\/div><\/li><\/ul>\t\t\t\t<\/div>\n\t\t\t\t<\/div>\n\t\t\t\t\t<\/div>\n\t\t<\/div>\n\t\t\t\t\t<\/div>\n\t\t<\/section>\n\t\t\t\t\t<\/div>\n\t\t<\/div>\n\t\t\t\t<div class=\"elementor-column elementor-col-50 elementor-top-column elementor-element elementor-element-4b10ada\" data-id=\"4b10ada\" data-element_type=\"column\" data-e-type=\"column\">\n\t\t\t<div class=\"elementor-widget-wrap elementor-element-populated\">\n\t\t\t\t\t\t<div class=\"elementor-element elementor-element-1553875 elementor-widget elementor-widget-cz_image\" data-id=\"1553875\" data-element_type=\"widget\" data-e-type=\"widget\" data-widget_type=\"cz_image.default\">\n\t\t\t\t<div class=\"elementor-widget-container\">\n\t\t\t\t\t\r\n\t\t<div class=\"cz_image clr cz_image_no_fx center_on_mobile\" data-position=\"\">\r\n\r\n\t\t\t<div>\r\n\r\n\t\t\t\t<div class=\"cz_image_in\">\r\n\r\n\t\t\t\t\t<div class=\"cz_main_image\"><img fetchpriority=\"high\" decoding=\"async\" loading=\"eager\" data-no-lazy=\"1\" width=\"1707\" height=\"1705\" src=\"https:\/\/alipack-eg.com\/wp-content\/uploads\/2025\/07\/workers-supermarket-scaled-e1752496905655.webp\" class=\"attachment-full size-full wp-image-3112\" alt=\"Workers supermarket scaled e1752496905655\" srcset=\"https:\/\/alipack-eg.com\/wp-content\/uploads\/2025\/07\/workers-supermarket-scaled-e1752496905655.webp 1707w, https:\/\/alipack-eg.com\/wp-content\/uploads\/2025\/07\/workers-supermarket-scaled-e1752496905655-300x300.webp 300w, https:\/\/alipack-eg.com\/wp-content\/uploads\/2025\/07\/workers-supermarket-scaled-e1752496905655-1024x1024.webp 1024w, https:\/\/alipack-eg.com\/wp-content\/uploads\/2025\/07\/workers-supermarket-scaled-e1752496905655-150x150.webp 150w, https:\/\/alipack-eg.com\/wp-content\/uploads\/2025\/07\/workers-supermarket-scaled-e1752496905655-768x767.webp 768w, https:\/\/alipack-eg.com\/wp-content\/uploads\/2025\/07\/workers-supermarket-scaled-e1752496905655-1536x1534.webp 1536w, https:\/\/alipack-eg.com\/wp-content\/uploads\/2025\/07\/workers-supermarket-scaled-e1752496905655-600x599.webp 600w\" sizes=\"(max-width: 1707px) 100vw, 1707px\" \/><\/div>\r\n\r\n\t\t\t\t\t\r\n\t\t\t\t<\/div>\r\n\r\n\t\t\t\t<div class=\"cz_image_caption mt10 cz_wpe_content\"><h2 style=\"text-align: center\"><span style=\"color: #ffffff\">Chez Ali Pack,  <\/span><\/h2>\n<p style=\"text-align: center\"><span style=\"color: #ffffff\">nous ne nous contentons pas d'exporter des fruits, nous offrons la qualit\u00e9, la fiabilit\u00e9 et une exp\u00e9rience de marque sur laquelle nos partenaires peuvent compter.<\/span><\/p><\/div>\r\n\t\t\t<\/div>\r\n\r\n\t\t<\/div>\r\n\r\n\t\t\t\t\t<\/div>\n\t\t\t\t<\/div>\n\t\t\t\t\t<\/div>\n\t\t<\/div>\n\t\t\t\t\t<\/div>\n\t\t<\/section>\n\t\t\t\t<section class=\"elementor-section elementor-top-section elementor-element elementor-element-af73ab3 elementor-section-content-middle elementor-reverse-tablet elementor-reverse-mobile elementor-section-boxed elementor-section-height-default elementor-section-height-default\" data-id=\"af73ab3\" data-element_type=\"section\" data-e-type=\"section\">\n\t\t\t\t\t\t<div class=\"elementor-container elementor-column-gap-default\">\n\t\t\t\t\t<div class=\"elementor-column elementor-col-50 elementor-top-column elementor-element elementor-element-03889e2\" data-id=\"03889e2\" data-element_type=\"column\" data-e-type=\"column\">\n\t\t\t<div class=\"elementor-widget-wrap elementor-element-populated\">\n\t\t\t\t\t\t<div class=\"elementor-element elementor-element-777d306 elementor-widget elementor-widget-cz_image\" data-id=\"777d306\" data-element_type=\"widget\" data-e-type=\"widget\" data-widget_type=\"cz_image.default\">\n\t\t\t\t<div class=\"elementor-widget-container\">\n\t\t\t\t\t\r\n\t\t<div class=\"cz_image clr cz_image_no_fx center_on_mobile\" data-position=\"\">\r\n\r\n\t\t\t<div>\r\n\r\n\t\t\t\t<div class=\"cz_image_in\">\r\n\r\n\t\t\t\t\t<div class=\"cz_main_image\"><img loading=\"lazy\" decoding=\"async\" width=\"1100\" height=\"1000\" src=\"https:\/\/alipack-eg.com\/wp-content\/uploads\/2025\/07\/450-e1752499497322.webp\" class=\"attachment-full size-full wp-image-3133\" alt=\"450 e1752499497322\" loading=\"lazy\" srcset=\"https:\/\/alipack-eg.com\/wp-content\/uploads\/2025\/07\/450-e1752499497322.webp 1100w, https:\/\/alipack-eg.com\/wp-content\/uploads\/2025\/07\/450-e1752499497322-300x273.webp 300w, https:\/\/alipack-eg.com\/wp-content\/uploads\/2025\/07\/450-e1752499497322-1024x931.webp 1024w, https:\/\/alipack-eg.com\/wp-content\/uploads\/2025\/07\/450-e1752499497322-768x698.webp 768w, https:\/\/alipack-eg.com\/wp-content\/uploads\/2025\/07\/450-e1752499497322-600x545.webp 600w\" sizes=\"auto, (max-width: 1100px) 100vw, 1100px\" \/><\/div>\r\n\r\n\t\t\t\t\t\r\n\t\t\t\t<\/div>\r\n\r\n\t\t\t\t\r\n\t\t\t<\/div>\r\n\r\n\t\t<\/div>\r\n\r\n\t\t\t\t\t<\/div>\n\t\t\t\t<\/div>\n\t\t\t\t\t<\/div>\n\t\t<\/div>\n\t\t\t\t<div class=\"elementor-column elementor-col-50 elementor-top-column elementor-element elementor-element-79d2f33\" data-id=\"79d2f33\" data-element_type=\"column\" data-e-type=\"column\">\n\t\t\t<div class=\"elementor-widget-wrap elementor-element-populated\">\n\t\t\t\t\t\t<div class=\"elementor-element elementor-element-aebdde3 elementor-widget elementor-widget-cz_title\" data-id=\"aebdde3\" data-element_type=\"widget\" data-e-type=\"widget\" data-widget_type=\"cz_title.default\">\n\t\t\t\t<div class=\"elementor-widget-container\">\n\t\t\t\t\t\t\r\n\t\t<div>\r\n\t\t\t<div class=\"cz_title clr cz_mobile_text_center cz_title_pos_inline\"><div class=\"cz_title_content\"><div class=\"cz_wpe_content\"><h3><span style=\"color: #3c783a;\">Notre approche<\/span><\/h3><\/div><\/div><\/div>\r\n\t\t<\/div>\r\n\t\t\r\n\t\t\t\t\t\t<\/div>\n\t\t\t\t<\/div>\n\t\t\t\t<div class=\"elementor-element elementor-element-da0759c elementor-widget elementor-widget-cz_title\" data-id=\"da0759c\" data-element_type=\"widget\" data-e-type=\"widget\" data-widget_type=\"cz_title.default\">\n\t\t\t\t<div class=\"elementor-widget-container\">\n\t\t\t\t\t\t\r\n\t\t<div>\r\n\t\t\t<div class=\"cz_title clr cz_mobile_text_center cz_title_pos_inline\"><div class=\"cz_title_content\"><div class=\"cz_wpe_content\"><span style=\"color: #000000;\">Nous travaillons avec clart\u00e9, pr\u00e9cision et coh\u00e9rence, de la ferme \u00e0 la livraison en passant par l'emballage. Notre \u00e9quipe travaille directement avec des producteurs s\u00e9lectionn\u00e9s, afin de s'assurer que chaque produit que nous exportons r\u00e9pond aux attentes des march\u00e9s exigeants de toute l'Europe. <\/span><\/div><\/div><\/div>\r\n\t\t<\/div>\r\n\t\t\r\n\t\t\t\t\t\t<\/div>\n\t\t\t\t<\/div>\n\t\t\t\t<div class=\"elementor-element elementor-element-1e8202b elementor-widget elementor-widget-cz_gallery\" data-id=\"1e8202b\" data-element_type=\"widget\" data-e-type=\"widget\" data-widget_type=\"cz_gallery.default\">\n\t\t\t\t<div class=\"elementor-widget-container\">\n\t\t\t\t\t<div class=\"cz_grid_p\"><div class=\"cz_grid cz_grid_1 clr cz_grid_c6 cz_grid_1_no_hover cz_grid_two_columns_on_mobile\" data-gap=\"30\"><div class=\"cz_grid_item cz_grid_first\"><\/div><\/div><\/div>\t\t\t\t<\/div>\n\t\t\t\t<\/div>\n\t\t\t\t\t<\/div>\n\t\t<\/div>\n\t\t\t\t\t<\/div>\n\t\t<\/section>\n\t\t\t\t<section class=\"elementor-section elementor-top-section elementor-element elementor-element-3d1cc2f elementor-section-full_width elementor-section-stretched elementor-section-height-default elementor-section-height-default\" data-id=\"3d1cc2f\" data-element_type=\"section\" data-e-type=\"section\" data-settings=\"{&quot;stretch_section&quot;:&quot;section-stretched&quot;}\">\n\t\t\t\t\t\t<div class=\"elementor-container elementor-column-gap-no\">\n\t\t\t\t\t<div class=\"elementor-column elementor-col-100 elementor-top-column elementor-element elementor-element-4ffef57\" data-id=\"4ffef57\" data-element_type=\"column\" data-e-type=\"column\">\n\t\t\t<div class=\"elementor-widget-wrap elementor-element-populated\">\n\t\t\t\t\t\t<div class=\"elementor-element elementor-element-4e6c567 elementor-widget elementor-widget-cz_separator\" data-id=\"4e6c567\" data-element_type=\"widget\" data-e-type=\"widget\" data-widget_type=\"cz_separator.default\">\n\t\t\t\t<div class=\"elementor-widget-container\">\n\t\t\t\t\t\t\t<div class=\"relative\">\r\n\t\t\t<div class=\"cz_sep2 cz_sep2_1 cz_sep_bottom z99 relative\">\r\n\t\t\t\t<svg preserveAspectRatio=\"none\" xmlns=\"http:\/\/www.w3.org\/2000\/svg\" width=\"100%\"  viewBox=\"0 0 1600 218\">\r\n\t\t\t\t\t\t  <path style=\"fill:transparent\" d=\"M-36,213.5L1605,0V228.5H-36v-15Z\"\/>\r\n\t\t\t\t\t\t  <path style=\"fill:transparent\" d=\"M-36,213.5L1605,32V228.5H-36v-15Z\"\/>\r\n\t\t\t\t\t\t  <path style=\"fill:#3C783A\" d=\"M-36,212L1605,62V228H-36V212Z\"\/>\r\n\t\t\t\t\t\t<\/svg>\t\t\t<\/div>\r\n\t\t<\/div>\r\n\t\t\t\t\t\t<\/div>\n\t\t\t\t<\/div>\n\t\t\t\t\t<\/div>\n\t\t<\/div>\n\t\t\t\t\t<\/div>\n\t\t<\/section>\n\t\t\t\t<section class=\"elementor-section elementor-top-section elementor-element elementor-element-3d3040a elementor-section-stretched elementor-section-content-middle elementor-section-boxed elementor-section-height-default elementor-section-height-default\" data-id=\"3d3040a\" data-element_type=\"section\" data-e-type=\"section\" data-settings=\"{&quot;stretch_section&quot;:&quot;section-stretched&quot;,&quot;background_background&quot;:&quot;classic&quot;}\">\n\t\t\t\t\t\t<div class=\"elementor-container elementor-column-gap-default\">\n\t\t\t\t\t<div class=\"elementor-column elementor-col-100 elementor-top-column elementor-element elementor-element-0ed7342\" data-id=\"0ed7342\" data-element_type=\"column\" data-e-type=\"column\">\n\t\t\t<div class=\"elementor-widget-wrap elementor-element-populated\">\n\t\t\t\t<div class=\"elementor-element elementor-element-1afb8c5 e-flex e-con-boxed e-con e-parent\" data-id=\"1afb8c5\" data-element_type=\"container\" data-e-type=\"container\">\n\t\t\t\t\t<div class=\"e-con-inner\">\n\t\t<div class=\"elementor-element elementor-element-faa139d e-con-full e-flex e-con e-child\" data-id=\"faa139d\" data-element_type=\"container\" data-e-type=\"container\">\n\t\t<div class=\"elementor-element elementor-element-65f06f0 e-con-full e-flex e-con e-child\" data-id=\"65f06f0\" data-element_type=\"container\" data-e-type=\"container\">\n\t\t\t\t<div class=\"elementor-element elementor-element-ba9b6c4 elementor-widget elementor-widget-cz_image\" data-id=\"ba9b6c4\" data-element_type=\"widget\" data-e-type=\"widget\" data-widget_type=\"cz_image.default\">\n\t\t\t\t<div class=\"elementor-widget-container\">\n\t\t\t\t\t<div class=\"clr cz_parallax_v_-3\">\r\n\t\t<div class=\"cz_image clr cz_image_no_fx center_on_mobile\" data-position=\"\">\r\n\r\n\t\t\t<div>\r\n\r\n\t\t\t\t<div class=\"cz_image_in\">\r\n\r\n\t\t\t\t\t<div class=\"cz_main_image\"><img loading=\"lazy\" decoding=\"async\" width=\"960\" height=\"1280\" src=\"https:\/\/alipack-eg.com\/wp-content\/uploads\/2025\/07\/IMG-20250717-WA0044_result.webp\" class=\"attachment-full size-full wp-image-3465\" alt=\"IMG 20250717 WA0044 result\" loading=\"lazy\" srcset=\"https:\/\/alipack-eg.com\/wp-content\/uploads\/2025\/07\/IMG-20250717-WA0044_result.webp 960w, https:\/\/alipack-eg.com\/wp-content\/uploads\/2025\/07\/IMG-20250717-WA0044_result-225x300.webp 225w, https:\/\/alipack-eg.com\/wp-content\/uploads\/2025\/07\/IMG-20250717-WA0044_result-768x1024.webp 768w, https:\/\/alipack-eg.com\/wp-content\/uploads\/2025\/07\/IMG-20250717-WA0044_result-600x800.webp 600w\" sizes=\"auto, (max-width: 960px) 100vw, 960px\" \/><\/div>\r\n\r\n\t\t\t\t\t\r\n\t\t\t\t<\/div>\r\n\r\n\t\t\t\t\r\n\t\t\t<\/div>\r\n\r\n\t\t<\/div>\r\n\r\n\t<\/div>\t\t\t\t<\/div>\n\t\t\t\t<\/div>\n\t\t\t\t<\/div>\n\t\t<div class=\"elementor-element elementor-element-d1d0281 e-con-full e-flex e-con e-child\" data-id=\"d1d0281\" data-element_type=\"container\" data-e-type=\"container\">\n\t\t\t\t<div class=\"elementor-element elementor-element-199cf4e elementor-widget elementor-widget-cz_image\" data-id=\"199cf4e\" data-element_type=\"widget\" data-e-type=\"widget\" data-widget_type=\"cz_image.default\">\n\t\t\t\t<div class=\"elementor-widget-container\">\n\t\t\t\t\t<div class=\"clr cz_parallax_v_3\">\r\n\t\t<div class=\"cz_image clr cz_image_no_fx center_on_mobile xtra-image-full-width-mobile\" data-position=\"\">\r\n\r\n\t\t\t<div>\r\n\r\n\t\t\t\t<div class=\"cz_image_in\">\r\n\r\n\t\t\t\t\t<div class=\"cz_main_image\"><img loading=\"lazy\" decoding=\"async\" width=\"710\" height=\"795\" src=\"https:\/\/alipack-eg.com\/wp-content\/uploads\/2025\/07\/42763-1-e1752592079665.jpg\" class=\"attachment-full size-full wp-image-3335\" alt=\"42763 1 e1752592079665\" loading=\"lazy\" srcset=\"https:\/\/alipack-eg.com\/wp-content\/uploads\/2025\/07\/42763-1-e1752592079665.jpg 710w, https:\/\/alipack-eg.com\/wp-content\/uploads\/2025\/07\/42763-1-e1752592079665-268x300.jpg 268w, https:\/\/alipack-eg.com\/wp-content\/uploads\/2025\/07\/42763-1-e1752592079665-600x672.jpg 600w\" sizes=\"auto, (max-width: 710px) 100vw, 710px\" \/><\/div>\r\n\r\n\t\t\t\t\t\r\n\t\t\t\t<\/div>\r\n\r\n\t\t\t\t\r\n\t\t\t<\/div>\r\n\r\n\t\t<\/div>\r\n\r\n\t<\/div>\t\t\t\t<\/div>\n\t\t\t\t<\/div>\n\t\t\t\t<\/div>\n\t\t\t\t<\/div>\n\t\t<div class=\"elementor-element elementor-element-042e519 e-con-full e-flex e-con e-child\" data-id=\"042e519\" data-element_type=\"container\" data-e-type=\"container\">\n\t\t\t\t<div class=\"elementor-element elementor-element-416424b elementor-widget elementor-widget-cz_title\" data-id=\"416424b\" data-element_type=\"widget\" data-e-type=\"widget\" data-widget_type=\"cz_title.default\">\n\t\t\t\t<div class=\"elementor-widget-container\">\n\t\t\t\t\t\t\r\n\t\t<div>\r\n\t\t\t<div class=\"cz_title clr cz_mobile_text_center cz_title_pos_inline\"><div class=\"cz_title_content\"><div class=\"cz_wpe_content\"><h3>Notre mission<\/h3><\/div><\/div><\/div>\r\n\t\t<\/div>\r\n\t\t\r\n\t\t\t\t\t\t<\/div>\n\t\t\t\t<\/div>\n\t\t\t\t<div class=\"elementor-element elementor-element-4a0344b elementor-widget elementor-widget-cz_title\" data-id=\"4a0344b\" data-element_type=\"widget\" data-e-type=\"widget\" data-widget_type=\"cz_title.default\">\n\t\t\t\t<div class=\"elementor-widget-container\">\n\t\t\t\t\t\t\r\n\t\t<div>\r\n\t\t\t<div class=\"cz_title clr cz_mobile_text_center cz_title_pos_inline\"><div class=\"cz_title_content\"><div class=\"cz_wpe_content\"><p><span style=\"color: #fc9c0f;\">\u00catre un exportateur de confiance de fruits \u00e9gyptiens en offrant constamment qualit\u00e9, service et valeur \u00e0 nos partenaires internationaux.<\/span><\/p><\/div><\/div><\/div>\r\n\t\t<\/div>\r\n\t\t\r\n\t\t\t\t\t\t<\/div>\n\t\t\t\t<\/div>\n\t\t\t\t<\/div>\n\t\t\t\t\t<\/div>\n\t\t\t\t<\/div>\n\t\t\t\t\t<\/div>\n\t\t<\/div>\n\t\t\t\t\t<\/div>\n\t\t<\/section>\n\t\t\t\t<section class=\"elementor-section elementor-top-section elementor-element elementor-element-e38630f elementor-section-full_width elementor-section-stretched elementor-section-height-default elementor-section-height-default\" data-id=\"e38630f\" data-element_type=\"section\" data-e-type=\"section\" data-settings=\"{&quot;stretch_section&quot;:&quot;section-stretched&quot;}\">\n\t\t\t\t\t\t<div class=\"elementor-container elementor-column-gap-no\">\n\t\t\t\t\t<div class=\"elementor-column elementor-col-100 elementor-top-column elementor-element elementor-element-f204a6a\" data-id=\"f204a6a\" data-element_type=\"column\" data-e-type=\"column\">\n\t\t\t<div class=\"elementor-widget-wrap elementor-element-populated\">\n\t\t\t\t\t\t<div class=\"elementor-element elementor-element-ec4413f elementor-widget elementor-widget-cz_separator\" data-id=\"ec4413f\" data-element_type=\"widget\" data-e-type=\"widget\" data-widget_type=\"cz_separator.default\">\n\t\t\t\t<div class=\"elementor-widget-container\">\n\t\t\t\t\t\t\t<div class=\"relative\">\r\n\t\t\t<div class=\"cz_sep2 cz_sep2_1 cz_sep_rotatey_top z99 relative\">\r\n\t\t\t\t<svg preserveAspectRatio=\"none\" xmlns=\"http:\/\/www.w3.org\/2000\/svg\" width=\"100%\"  viewBox=\"0 0 1600 218\">\r\n\t\t\t\t\t\t  <path style=\"fill:transparent\" d=\"M-36,213.5L1605,0V228.5H-36v-15Z\"\/>\r\n\t\t\t\t\t\t  <path style=\"fill:transparent\" d=\"M-36,213.5L1605,32V228.5H-36v-15Z\"\/>\r\n\t\t\t\t\t\t  <path style=\"fill:#3C783A\" d=\"M-36,212L1605,62V228H-36V212Z\"\/>\r\n\t\t\t\t\t\t<\/svg>\t\t\t<\/div>\r\n\t\t<\/div>\r\n\t\t\t\t\t\t<\/div>\n\t\t\t\t<\/div>\n\t\t\t\t\t<\/div>\n\t\t<\/div>\n\t\t\t\t\t<\/div>\n\t\t<\/section>\n\t\t\t\t<\/div>\n\t\t","protected":false},"excerpt":{"rendered":"<p>A propos de nous Qui sommes-nous ? Ali Pack est une &#8230; <\/p>\n","protected":false},"author":1,"featured_media":0,"parent":0,"menu_order":0,"comment_status":"closed","ping_status":"closed","template":"","meta":{"footnotes":""},"class_list":["post-4057","page","type-page","status-publish","hentry"],"_links":{"self":[{"href":"https:\/\/alipack-eg.com\/fr\/wp-json\/wp\/v2\/pages\/4057","targetHints":{"allow":["GET"]}}],"collection":[{"href":"https:\/\/alipack-eg.com\/fr\/wp-json\/wp\/v2\/pages"}],"about":[{"href":"https:\/\/alipack-eg.com\/fr\/wp-json\/wp\/v2\/types\/page"}],"author":[{"embeddable":true,"href":"https:\/\/alipack-eg.com\/fr\/wp-json\/wp\/v2\/users\/1"}],"replies":[{"embeddable":true,"href":"https:\/\/alipack-eg.com\/fr\/wp-json\/wp\/v2\/comments?post=4057"}],"version-history":[{"count":3,"href":"https:\/\/alipack-eg.com\/fr\/wp-json\/wp\/v2\/pages\/4057\/revisions"}],"predecessor-version":[{"id":4060,"href":"https:\/\/alipack-eg.com\/fr\/wp-json\/wp\/v2\/pages\/4057\/revisions\/4060"}],"wp:attachment":[{"href":"https:\/\/alipack-eg.com\/fr\/wp-json\/wp\/v2\/media?parent=4057"}],"curies":[{"name":"wp","href":"https:\/\/api.w.org\/{rel}","templated":true}]}}